{"id":335,"date":"2023-03-31T11:34:33","date_gmt":"2023-03-31T09:34:33","guid":{"rendered":"https:\/\/ny.wiklundsfastigheter.se\/kontakta-oss\/"},"modified":"2023-08-23T11:09:02","modified_gmt":"2023-08-23T09:09:02","slug":"contact-us","status":"publish","type":"page","link":"https:\/\/wiklundsfastigheter.se\/en\/contact-us\/","title":{"rendered":"Contact us"},"content":{"rendered":"<div id=\"pl-335\"  class=\"panel-layout\" ><div id=\"pg-335-0\"  class=\"panel-grid panel-has-style\" ><div class=\"morepadding panel-row-style panel-row-style-for-335-0\" ><div id=\"pgc-335-0-0\"  class=\"panel-grid-cell\" ><div id=\"panel-335-0-0-0\" class=\"so-panel widget widget_black-studio-tinymce widget_black_studio_tinymce panel-first-child panel-last-child\" data-index=\"0\" ><div class=\"textwidget\"><h2>Wiklunds Fastighetsf\u00f6rvaltning<\/h2>\n<h3>For more information, do not hesitate to contact us, give us a call!<\/h3>\n<p><b>Contact Person<br \/>\n<\/b>Matz Sandberg<\/p>\n<p><strong>Address<\/strong><br \/>\nFl\u00f6jelbergsgatan 8B, 431 37 M\u00f6lndal<\/p>\n<p><strong>E-mail<\/strong><br \/>\n<a href=\"mailto:info@wiklundsfastigheter.se\">info@wiklundsfastigheter.se<\/a><\/p>\n<p><b>Phone<br \/>\n<\/b><a href=\"tel:031872397\">031 - 872 397<\/a><\/p>\n<\/div><\/div><\/div><div id=\"pgc-335-0-1\"  class=\"panel-grid-cell\" ><div id=\"panel-335-0-1-0\" class=\"so-panel widget widget_siteorigin-panels-builder panel-first-child panel-last-child\" data-index=\"1\" ><div id=\"pl-w64e5ccae37a9d\"  class=\"panel-layout\" ><div id=\"pg-w64e5ccae37a9d-0\"  class=\"panel-grid panel-has-style\" ><div class=\"panel-row-style panel-row-style-for-w64e5ccae37a9d-0\" ><div id=\"pgc-w64e5ccae37a9d-0-0\"  class=\"panel-grid-cell\" ><div id=\"panel-w64e5ccae37a9d-0-0-0\" class=\"so-panel widget widget_sow-image panel-first-child panel-last-child\" data-index=\"0\" ><div\n\t\t\t\n\t\t\tclass=\"so-widget-sow-image so-widget-sow-image-default-8b5b6f678277\"\n\t\t\t\n\t\t>\n<div class=\"sow-image-container\">\n\t\t<img fetchpriority=\"high\" \n\tsrc=\"https:\/\/wiklundsfastigheter.se\/wp-content\/uploads\/2023\/08\/Tobias.jpeg\" width=\"958\" height=\"958\" srcset=\"https:\/\/wiklundsfastigheter.se\/wp-content\/uploads\/2023\/08\/Tobias.jpeg 958w, https:\/\/wiklundsfastigheter.se\/wp-content\/uploads\/2023\/08\/Tobias-300x300.jpeg 300w, https:\/\/wiklundsfastigheter.se\/wp-content\/uploads\/2023\/08\/Tobias-150x150.jpeg 150w, https:\/\/wiklundsfastigheter.se\/wp-content\/uploads\/2023\/08\/Tobias-768x768.jpeg 768w\" sizes=\"(max-width: 958px) 100vw, 958px\" alt=\"\" \t\tclass=\"so-widget-image\"\/>\n\t<\/div>\n\n<\/div><\/div><\/div><div id=\"pgc-w64e5ccae37a9d-0-1\"  class=\"panel-grid-cell\" ><div id=\"panel-w64e5ccae37a9d-0-1-0\" class=\"so-panel widget widget_black-studio-tinymce widget_black_studio_tinymce panel-first-child panel-last-child\" data-index=\"1\" ><div class=\"morepadding-mobile panel-widget-style panel-widget-style-for-w64e5ccae37a9d-0-1-0\" ><div class=\"textwidget\"><p><strong>Tobias Sandberg<\/strong><br \/>\nProperty manager<\/p>\n<p><a href=\"mailto:tobias@wiklundsfastigheter.se\">tobias@wiklundsfastigheter.se<\/a><br \/>\n<a href=\"tel:0766006444\">+ 46 76 600 64 44<\/a><\/p>\n<\/div><\/div><\/div><\/div><\/div><\/div><div id=\"pg-w64e5ccae37a9d-1\"  class=\"panel-grid panel-has-style\" ><div class=\"panel-row-style panel-row-style-for-w64e5ccae37a9d-1\" ><div id=\"pgc-w64e5ccae37a9d-1-0\"  class=\"panel-grid-cell\" ><div id=\"panel-w64e5ccae37a9d-1-0-0\" class=\"so-panel widget widget_sow-image panel-first-child panel-last-child\" data-index=\"2\" ><div\n\t\t\t\n\t\t\tclass=\"so-widget-sow-image so-widget-sow-image-default-8b5b6f678277\"\n\t\t\t\n\t\t>\n<div class=\"sow-image-container\">\n\t\t<img \n\tsrc=\"https:\/\/wiklundsfastigheter.se\/wp-content\/uploads\/2023\/08\/Mats.jpg\" width=\"924\" height=\"818\" srcset=\"https:\/\/wiklundsfastigheter.se\/wp-content\/uploads\/2023\/08\/Mats.jpg 924w, https:\/\/wiklundsfastigheter.se\/wp-content\/uploads\/2023\/08\/Mats-300x266.jpg 300w, https:\/\/wiklundsfastigheter.se\/wp-content\/uploads\/2023\/08\/Mats-768x680.jpg 768w\" sizes=\"(max-width: 924px) 100vw, 924px\" alt=\"\" \t\tclass=\"so-widget-image\"\/>\n\t<\/div>\n\n<\/div><\/div><\/div><div id=\"pgc-w64e5ccae37a9d-1-1\"  class=\"panel-grid-cell\" ><div id=\"panel-w64e5ccae37a9d-1-1-0\" class=\"so-panel widget widget_black-studio-tinymce widget_black_studio_tinymce panel-first-child panel-last-child\" data-index=\"3\" ><div class=\"morepadding-mobile panel-widget-style panel-widget-style-for-w64e5ccae37a9d-1-1-0\" ><div class=\"textwidget\"><p><strong>Matz Sandberg<\/strong><br \/>\nProperty manager<\/p>\n<\/div><\/div><\/div><\/div><\/div><\/div><\/div><\/div><\/div><\/div><\/div><div id=\"pg-335-1\"  class=\"panel-grid panel-has-style\" ><div class=\"siteorigin-panels-stretch panel-row-style panel-row-style-for-335-1\" data-stretch-type=\"full-stretched-padded\" ><div id=\"pgc-335-1-0\"  class=\"panel-grid-cell\" ><div id=\"panel-335-1-0-0\" class=\"widget_text so-panel widget widget_custom_html panel-first-child panel-last-child\" data-index=\"2\" ><div class=\"textwidget custom-html-widget\"><iframe src=\"https:\/\/www.google.com\/maps\/embed?pb=!1m18!1m12!1m3!1d2903.5867539431943!2d12.017201102239886!3d57.66972049964953!2m3!1f0!2f0!3f0!3m2!1i1024!2i768!4f13.1!3m3!1m2!1s0x464ff3cbdbd627ff%3A0xbba3c16ec7662ef2!2sFl%C3%B6jelbergsgatan%208B%2C%20431%2037%20M%C3%B6lndal!5e0!3m2!1ssv!2sse!4v1692194194497!5m2!1ssv!2sse\" width=\"100%\" height=\"500\" style=\"border:0;\" allowfullscreen=\"\" loading=\"lazy\" referrerpolicy=\"no-referrer-when-downgrade\"><\/iframe><\/div><\/div><\/div><\/div><\/div><\/div>","protected":false},"excerpt":{"rendered":"<p>Wiklunds Fastighetsf\u00f6rvaltning For more information, do not hesitate to contact us, give us a call! Contact Person Matz Sandberg Address Fl\u00f6jelbergsgatan 8B, 431 37 M\u00f6lndal E-mail info@wiklundsfastigheter.se Phone 031 &#8211; 872 397<\/p>\n","protected":false},"author":1,"featured_media":0,"parent":0,"menu_order":50,"comment_status":"closed","ping_status":"closed","template":"","meta":{"footnotes":""},"class_list":["post-335","page","type-page","status-publish"],"_links":{"self":[{"href":"https:\/\/wiklundsfastigheter.se\/en\/wp-json\/wp\/v2\/pages\/335","targetHints":{"allow":["GET"]}}],"collection":[{"href":"https:\/\/wiklundsfastigheter.se\/en\/wp-json\/wp\/v2\/pages"}],"about":[{"href":"https:\/\/wiklundsfastigheter.se\/en\/wp-json\/wp\/v2\/types\/page"}],"author":[{"embeddable":true,"href":"https:\/\/wiklundsfastigheter.se\/en\/wp-json\/wp\/v2\/users\/1"}],"replies":[{"embeddable":true,"href":"https:\/\/wiklundsfastigheter.se\/en\/wp-json\/wp\/v2\/comments?post=335"}],"version-history":[{"count":0,"href":"https:\/\/wiklundsfastigheter.se\/en\/wp-json\/wp\/v2\/pages\/335\/revisions"}],"wp:attachment":[{"href":"https:\/\/wiklundsfastigheter.se\/en\/wp-json\/wp\/v2\/media?parent=335"}],"curies":[{"name":"wp","href":"https:\/\/api.w.org\/{rel}","templated":true}]}}